{"id":54119,"date":"2019-07-29T04:15:48","date_gmt":"2019-07-29T11:15:48","guid":{"rendered":"https:\/\/vergiyonetim.com\/?page_id=54119"},"modified":"2022-09-02T02:52:58","modified_gmt":"2022-09-02T09:52:58","slug":"iletisim","status":"publish","type":"page","link":"https:\/\/vergiyonetim.com\/?page_id=54119","title":{"rendered":"\u0130leti\u015fim"},"content":{"rendered":"<p>[vc_row][vc_column width=&#8221;1\/2&#8243;][vc_column_text]<\/p>\n<h3>\u0130leti\u015fim Formu<\/h3>\n<p>[\/vc_column_text]<div role=\"form\" class=\"wpcf7\" id=\"wpcf7-f321-o1\" lang=\"tr-TR\" dir=\"ltr\">\n<div class=\"screen-reader-response\"><p role=\"status\" aria-live=\"polite\" aria-atomic=\"true\"><\/p> <ul><\/ul><\/div>\n<form action=\"\/index.php?rest_route=%2Fwp%2Fv2%2Fpages%2F54119#wpcf7-f321-o1\" method=\"post\" class=\"wpcf7-form init\" novalidate=\"novalidate\" data-status=\"init\">\n<div style=\"display: none;\">\n<input type=\"hidden\" name=\"_wpcf7\" value=\"321\" \/>\n<input type=\"hidden\" name=\"_wpcf7_version\" value=\"5.6.3\" \/>\n<input type=\"hidden\" name=\"_wpcf7_locale\" value=\"tr_TR\" \/>\n<input type=\"hidden\" name=\"_wpcf7_unit_tag\" value=\"wpcf7-f321-o1\" \/>\n<input type=\"hidden\" name=\"_wpcf7_container_post\" value=\"0\" \/>\n<input type=\"hidden\" name=\"_wpcf7_posted_data_hash\" value=\"\" \/>\n<\/div>\n<p><label> Ad\u0131n\u0131z Soyad\u0131n\u0131z<br \/>\n    <span class=\"wpcf7-form-control-wrap\" data-name=\"your-name\"><input type=\"text\" name=\"your-name\" value=\"\" size=\"40\" class=\"wpcf7-form-control wpcf7-text wpcf7-validates-as-required\" aria-required=\"true\" aria-invalid=\"false\" \/><\/span> <\/label><\/p>\n<p><label> Mail Adresiniz<br \/>\n    <span class=\"wpcf7-form-control-wrap\" data-name=\"your-email\"><input type=\"email\" name=\"your-email\" value=\"\" size=\"40\" class=\"wpcf7-form-control wpcf7-text wpcf7-email wpcf7-validates-as-required wpcf7-validates-as-email\" aria-required=\"true\" aria-invalid=\"false\" \/><\/span> <\/label><br \/>\n<label> Telefon Numaran\u0131z<br \/>\n<span class=\"wpcf7-form-control-wrap\" data-name=\"tel-582\"><input type=\"tel\" name=\"tel-582\" value=\"Telefon\" size=\"40\" class=\"wpcf7-form-control wpcf7-text wpcf7-tel wpcf7-validates-as-tel\" aria-invalid=\"false\" \/><\/span><\/label><\/p>\n<p><label> Mesaj\u0131n\u0131z<br \/>\n    <span class=\"wpcf7-form-control-wrap\" data-name=\"your-message\"><textarea name=\"your-message\" cols=\"40\" rows=\"10\" class=\"wpcf7-form-control wpcf7-textarea\" aria-invalid=\"false\"><\/textarea><\/span> <\/label><\/p>\n<p><input type=\"submit\" value=\"G\u00f6nder\" class=\"wpcf7-form-control has-spinner wpcf7-submit\" \/><\/p>\n<div class=\"wpcf7-response-output\" aria-hidden=\"true\"><\/div><\/form><\/div>[\/vc_column][vc_column width=&#8221;1\/2&#8243;][vc_column_text]<\/p>\n<h3>\u0130leti\u015fim Bilgileri<\/h3>\n<p><b>Adres : <\/b>Peker Mah. 1701 Sok. No:26\/A \u015eehzadeler\/Manisa<br \/>\n<b>Telefon :<\/b><br \/>\n0236 2312014<br \/>\n0533 4702818<\/p>\n<p><b> Mail: <\/b> info@vergiyonetim.com<br \/>\n<b>MERS\u0130S NO:<\/b> 0924082982600001 MAN\u0130SA T\u0130CARET <strong>S\u0130C\u0130L NO:<\/strong> 18584[\/vc_column_text][vc_column_text]<iframe loading=\"lazy\" style=\"border: 0;\" src=\"https:\/\/www.google.com\/maps\/embed?pb=!1m18!1m12!1m3!1d3117.431992561078!2d27.427730915610198!3d38.6159419710897!2m3!1f0!2f0!3f0!3m2!1i1024!2i768!4f13.1!3m3!1m2!1s0x14b99c6c9acaaeff%3A0xb0897342b02c9692!2sPeker%2C%201701.%20Sk.%20No%3A26%2C%2045020%20%C5%9Eehzadeler%2FManisa!5e0!3m2!1str!2str!4v1662112362106!5m2!1str!2str\" width=\"600\" height=\"450\" allowfullscreen=\"allowfullscreen\"><\/iframe>[\/vc_column_text][\/vc_column][\/vc_row]<\/p>\n","protected":false},"excerpt":{"rendered":"<p>[vc_row][vc_column width=&#8221;1\/2&#8243;][vc_column_text] \u0130leti\u015fim Formu [\/vc_column_text][\/vc_column][vc_column width=&#8221;1\/2&#8243;][vc_column_text] \u0130leti\u015fim Bilgileri Adres : Peker Mah. 1701 Sok. No:26\/A \u015eehzadeler\/Manisa Telefon : 0236 2312014 0533 4702818 Mail: info@vergiyonetim.com MERS\u0130S NO: 0924082982600001 MAN\u0130SA T\u0130CARET S\u0130C\u0130L NO: 18584[\/vc_column_text][vc_column_text][\/vc_column_text][\/vc_column][\/vc_row]<\/p>\n","protected":false},"author":1,"featured_media":0,"parent":0,"menu_order":0,"comment_status":"closed","ping_status":"closed","template":"","meta":{"give_campaign_id":0,"_monsterinsights_skip_tracking":false,"_monsterinsights_sitenote_active":false,"_monsterinsights_sitenote_note":"","_monsterinsights_sitenote_category":0},"class_list":["post-54119","page","type-page","status-publish","hentry","description-off"],"yoast_head":"<!-- This site is optimized with the Yoast SEO plugin v19.8 - https:\/\/yoast.com\/wordpress\/plugins\/seo\/ -->\n<title>\u0130leti\u015fim - Vergi Y\u00f6netim<\/title>\n<meta name=\"robots\" content=\"index, follow, max-snippet:-1, max-image-preview:large, max-video-preview:-1\" \/>\n<link rel=\"canonical\" href=\"https:\/\/vergiyonetim.com\/?page_id=54119\" \/>\n<meta property=\"og:locale\" content=\"tr_TR\" \/>\n<meta property=\"og:type\" content=\"article\" \/>\n<meta property=\"og:title\" content=\"\u0130leti\u015fim - Vergi Y\u00f6netim\" \/>\n<meta property=\"og:description\" content=\"[vc_row][vc_column width=&#8221;1\/2&#8243;][vc_column_text] \u0130leti\u015fim Formu [\/vc_column_text][\/vc_column][vc_column width=&#8221;1\/2&#8243;][vc_column_text] \u0130leti\u015fim Bilgileri Adres : Peker Mah. 1701 Sok. No:26\/A \u015eehzadeler\/Manisa Telefon : 0236 2312014 0533 4702818 Mail: info@vergiyonetim.com MERS\u0130S NO: 0924082982600001 MAN\u0130SA T\u0130CARET S\u0130C\u0130L NO: 18584[\/vc_column_text][vc_column_text][\/vc_column_text][\/vc_column][\/vc_row]\" \/>\n<meta property=\"og:url\" content=\"https:\/\/vergiyonetim.com\/?page_id=54119\" \/>\n<meta property=\"og:site_name\" content=\"Vergi Y\u00f6netim\" \/>\n<meta property=\"article:modified_time\" content=\"2022-09-02T09:52:58+00:00\" \/>\n<meta name=\"twitter:card\" content=\"summary_large_image\" \/>\n<script type=\"application\/ld+json\" class=\"yoast-schema-graph\">{\"@context\":\"https:\/\/schema.org\",\"@graph\":[{\"@type\":\"WebPage\",\"@id\":\"https:\/\/vergiyonetim.com\/?page_id=54119\",\"url\":\"https:\/\/vergiyonetim.com\/?page_id=54119\",\"name\":\"\u0130leti\u015fim - Vergi Y\u00f6netim\",\"isPartOf\":{\"@id\":\"https:\/\/vergiyonetim.com\/#website\"},\"datePublished\":\"2019-07-29T11:15:48+00:00\",\"dateModified\":\"2022-09-02T09:52:58+00:00\",\"breadcrumb\":{\"@id\":\"https:\/\/vergiyonetim.com\/?page_id=54119#breadcrumb\"},\"inLanguage\":\"tr\",\"potentialAction\":[{\"@type\":\"ReadAction\",\"target\":[\"https:\/\/vergiyonetim.com\/?page_id=54119\"]}]},{\"@type\":\"BreadcrumbList\",\"@id\":\"https:\/\/vergiyonetim.com\/?page_id=54119#breadcrumb\",\"itemListElement\":[{\"@type\":\"ListItem\",\"position\":1,\"name\":\"Ana sayfa\",\"item\":\"https:\/\/vergiyonetim.com\/?page_id=32085\"},{\"@type\":\"ListItem\",\"position\":2,\"name\":\"\u0130leti\u015fim\"}]},{\"@type\":\"WebSite\",\"@id\":\"https:\/\/vergiyonetim.com\/#website\",\"url\":\"https:\/\/vergiyonetim.com\/\",\"name\":\"Vergi Y\u00f6netim\",\"description\":\"Vergi Y\u00f6netim\",\"potentialAction\":[{\"@type\":\"SearchAction\",\"target\":{\"@type\":\"EntryPoint\",\"urlTemplate\":\"https:\/\/vergiyonetim.com\/?s={search_term_string}\"},\"query-input\":\"required name=search_term_string\"}],\"inLanguage\":\"tr\"}]}<\/script>\n<!-- \/ Yoast SEO plugin. -->","yoast_head_json":{"title":"\u0130leti\u015fim - Vergi Y\u00f6netim","robots":{"index":"index","follow":"follow","max-snippet":"max-snippet:-1","max-image-preview":"max-image-preview:large","max-video-preview":"max-video-preview:-1"},"canonical":"https:\/\/vergiyonetim.com\/?page_id=54119","og_locale":"tr_TR","og_type":"article","og_title":"\u0130leti\u015fim - Vergi Y\u00f6netim","og_description":"[vc_row][vc_column width=&#8221;1\/2&#8243;][vc_column_text] \u0130leti\u015fim Formu [\/vc_column_text][\/vc_column][vc_column width=&#8221;1\/2&#8243;][vc_column_text] \u0130leti\u015fim Bilgileri Adres : Peker Mah. 1701 Sok. No:26\/A \u015eehzadeler\/Manisa Telefon : 0236 2312014 0533 4702818 Mail: info@vergiyonetim.com MERS\u0130S NO: 0924082982600001 MAN\u0130SA T\u0130CARET S\u0130C\u0130L NO: 18584[\/vc_column_text][vc_column_text][\/vc_column_text][\/vc_column][\/vc_row]","og_url":"https:\/\/vergiyonetim.com\/?page_id=54119","og_site_name":"Vergi Y\u00f6netim","article_modified_time":"2022-09-02T09:52:58+00:00","twitter_card":"summary_large_image","schema":{"@context":"https:\/\/schema.org","@graph":[{"@type":"WebPage","@id":"https:\/\/vergiyonetim.com\/?page_id=54119","url":"https:\/\/vergiyonetim.com\/?page_id=54119","name":"\u0130leti\u015fim - Vergi Y\u00f6netim","isPartOf":{"@id":"https:\/\/vergiyonetim.com\/#website"},"datePublished":"2019-07-29T11:15:48+00:00","dateModified":"2022-09-02T09:52:58+00:00","breadcrumb":{"@id":"https:\/\/vergiyonetim.com\/?page_id=54119#breadcrumb"},"inLanguage":"tr","potentialAction":[{"@type":"ReadAction","target":["https:\/\/vergiyonetim.com\/?page_id=54119"]}]},{"@type":"BreadcrumbList","@id":"https:\/\/vergiyonetim.com\/?page_id=54119#breadcrumb","itemListElement":[{"@type":"ListItem","position":1,"name":"Ana sayfa","item":"https:\/\/vergiyonetim.com\/?page_id=32085"},{"@type":"ListItem","position":2,"name":"\u0130leti\u015fim"}]},{"@type":"WebSite","@id":"https:\/\/vergiyonetim.com\/#website","url":"https:\/\/vergiyonetim.com\/","name":"Vergi Y\u00f6netim","description":"Vergi Y\u00f6netim","potentialAction":[{"@type":"SearchAction","target":{"@type":"EntryPoint","urlTemplate":"https:\/\/vergiyonetim.com\/?s={search_term_string}"},"query-input":"required name=search_term_string"}],"inLanguage":"tr"}]}},"campaignId":"","_links":{"self":[{"href":"https:\/\/vergiyonetim.com\/index.php?rest_route=\/wp\/v2\/pages\/54119","targetHints":{"allow":["GET"]}}],"collection":[{"href":"https:\/\/vergiyonetim.com\/index.php?rest_route=\/wp\/v2\/pages"}],"about":[{"href":"https:\/\/vergiyonetim.com\/index.php?rest_route=\/wp\/v2\/types\/page"}],"author":[{"embeddable":true,"href":"https:\/\/vergiyonetim.com\/index.php?rest_route=\/wp\/v2\/users\/1"}],"replies":[{"embeddable":true,"href":"https:\/\/vergiyonetim.com\/index.php?rest_route=%2Fwp%2Fv2%2Fcomments&post=54119"}],"version-history":[{"count":14,"href":"https:\/\/vergiyonetim.com\/index.php?rest_route=\/wp\/v2\/pages\/54119\/revisions"}],"predecessor-version":[{"id":54313,"href":"https:\/\/vergiyonetim.com\/index.php?rest_route=\/wp\/v2\/pages\/54119\/revisions\/54313"}],"wp:attachment":[{"href":"https:\/\/vergiyonetim.com\/index.php?rest_route=%2Fwp%2Fv2%2Fmedia&parent=54119"}],"curies":[{"name":"wp","href":"https:\/\/api.w.org\/{rel}","templated":true}]}}