{"id":54142,"date":"2019-07-29T05:52:06","date_gmt":"2019-07-29T12:52:06","guid":{"rendered":"https:\/\/vergiyonetim.com\/?page_id=54142"},"modified":"2019-07-29T05:53:25","modified_gmt":"2019-07-29T12:53:25","slug":"vergi-hukuku-hizmetleri","status":"publish","type":"page","link":"https:\/\/vergiyonetim.com\/?page_id=54142","title":{"rendered":"VERG\u0130 HUKUKU H\u0130ZMETLER\u0130"},"content":{"rendered":"<p>[vc_row][vc_column]<div class=\"dt-fancy-separator title-left h3-size\" style=\"width: 100%;\"><div class=\"dt-fancy-title\" style=\"color: #f26522;\"><span class=\"separator-holder separator-left\"><\/span> VERG\u0130 HUKUKU H\u0130ZMETLER\u0130<span class=\"separator-holder separator-right\"><\/span><\/div><\/div>[vc_empty_space][\/vc_column][\/vc_row][vc_row][vc_column]<div class=\"uavc-list-icon uavc-list-icon-wrapper ult-adjust-bottom-margin   \"><ul class=\"uavc-list\"><li><div class=\"uavc-list-content\" id=\"list-icon-wrap-3802\">\n<div class=\"uavc-list-icon  \" data-animation=\"\" data-animation-delay=\"03\" style=\"margin-right:5px;\"><div class=\"ult-just-icon-wrapper  \"><div class=\"align-icon\" style=\"text-align:center;\">\n<div class=\"aio-icon none \"  style=\"color:#f26522;font-size:16px;display:inline-block;\">\n\t<i class=\"Defaults-arrow-right\"><\/i>\n<\/div><\/div><\/div>\n<\/div><span  data-ultimate-target='#list-icon-wrap-3802 .uavc-list-desc'  data-responsive-json-new='{\"font-size\":\"desktop:20px;\",\"line-height\":\"\"}'  class=\"uavc-list-desc ult-responsive\" style=\"\">Vergi Uyu\u015fmazl\u0131klar\u0131 Yarg\u0131 S\u00fcre\u00e7leri Takibi<\/span><\/div><\/li><li><div class=\"uavc-list-content\" id=\"list-icon-wrap-1973\">\n<div class=\"uavc-list-icon  \" data-animation=\"\" data-animation-delay=\"03\" style=\"margin-right:5px;\"><div class=\"ult-just-icon-wrapper  \"><div class=\"align-icon\" style=\"text-align:center;\">\n<div class=\"aio-icon none \"  style=\"color:#f26522;font-size:16px;display:inline-block;\">\n\t<i class=\"Defaults-arrow-right\"><\/i>\n<\/div><\/div><\/div>\n<\/div><span  data-ultimate-target='#list-icon-wrap-1973 .uavc-list-desc'  data-responsive-json-new='{\"font-size\":\"desktop:20px;\",\"line-height\":\"\"}'  class=\"uavc-list-desc ult-responsive\" style=\"\">\u015eirket Ana S\u00f6zle\u015fmesi Haz\u0131rlanmas\u0131 S\u00fcre\u00e7 Y\u00f6netimi<\/span><\/div><\/li><\/ul><\/div>[\/vc_column][\/vc_row]<\/p>\n","protected":false},"excerpt":{"rendered":"<p>[vc_row][vc_column][vc_empty_space][\/vc_column][\/vc_row][vc_row][vc_column][\/vc_column][\/vc_row]<\/p>\n","protected":false},"author":1,"featured_media":0,"parent":0,"menu_order":0,"comment_status":"closed","ping_status":"closed","template":"","meta":{"give_campaign_id":0,"_monsterinsights_skip_tracking":false,"_monsterinsights_sitenote_active":false,"_monsterinsights_sitenote_note":"","_monsterinsights_sitenote_category":0},"class_list":["post-54142","page","type-page","status-publish","hentry","description-off"],"yoast_head":"<!-- This site is optimized with the Yoast SEO plugin v19.8 - https:\/\/yoast.com\/wordpress\/plugins\/seo\/ -->\n<title>VERG\u0130 HUKUKU H\u0130ZMETLER\u0130 - Vergi Y\u00f6netim<\/title>\n<meta name=\"robots\" content=\"index, follow, max-snippet:-1, max-image-preview:large, max-video-preview:-1\" \/>\n<link rel=\"canonical\" href=\"https:\/\/vergiyonetim.com\/?page_id=54142\" \/>\n<meta property=\"og:locale\" content=\"tr_TR\" \/>\n<meta property=\"og:type\" content=\"article\" \/>\n<meta property=\"og:title\" content=\"VERG\u0130 HUKUKU H\u0130ZMETLER\u0130 - Vergi Y\u00f6netim\" \/>\n<meta property=\"og:description\" content=\"[vc_row][vc_column][vc_empty_space][\/vc_column][\/vc_row][vc_row][vc_column][\/vc_column][\/vc_row]\" \/>\n<meta property=\"og:url\" content=\"https:\/\/vergiyonetim.com\/?page_id=54142\" \/>\n<meta property=\"og:site_name\" content=\"Vergi Y\u00f6netim\" \/>\n<meta property=\"article:modified_time\" content=\"2019-07-29T12:53:25+00:00\" \/>\n<meta name=\"twitter:card\" content=\"summary_large_image\" \/>\n<meta name=\"twitter:label1\" content=\"Tahmini okuma s\u00fcresi\" \/>\n\t<meta name=\"twitter:data1\" content=\"1 dakika\" \/>\n<script type=\"application\/ld+json\" class=\"yoast-schema-graph\">{\"@context\":\"https:\/\/schema.org\",\"@graph\":[{\"@type\":\"WebPage\",\"@id\":\"https:\/\/vergiyonetim.com\/?page_id=54142\",\"url\":\"https:\/\/vergiyonetim.com\/?page_id=54142\",\"name\":\"VERG\u0130 HUKUKU H\u0130ZMETLER\u0130 - Vergi Y\u00f6netim\",\"isPartOf\":{\"@id\":\"https:\/\/vergiyonetim.com\/#website\"},\"datePublished\":\"2019-07-29T12:52:06+00:00\",\"dateModified\":\"2019-07-29T12:53:25+00:00\",\"breadcrumb\":{\"@id\":\"https:\/\/vergiyonetim.com\/?page_id=54142#breadcrumb\"},\"inLanguage\":\"tr\",\"potentialAction\":[{\"@type\":\"ReadAction\",\"target\":[\"https:\/\/vergiyonetim.com\/?page_id=54142\"]}]},{\"@type\":\"BreadcrumbList\",\"@id\":\"https:\/\/vergiyonetim.com\/?page_id=54142#breadcrumb\",\"itemListElement\":[{\"@type\":\"ListItem\",\"position\":1,\"name\":\"Ana sayfa\",\"item\":\"https:\/\/vergiyonetim.com\/?page_id=32085\"},{\"@type\":\"ListItem\",\"position\":2,\"name\":\"VERG\u0130 HUKUKU H\u0130ZMETLER\u0130\"}]},{\"@type\":\"WebSite\",\"@id\":\"https:\/\/vergiyonetim.com\/#website\",\"url\":\"https:\/\/vergiyonetim.com\/\",\"name\":\"Vergi Y\u00f6netim\",\"description\":\"Vergi Y\u00f6netim\",\"potentialAction\":[{\"@type\":\"SearchAction\",\"target\":{\"@type\":\"EntryPoint\",\"urlTemplate\":\"https:\/\/vergiyonetim.com\/?s={search_term_string}\"},\"query-input\":\"required name=search_term_string\"}],\"inLanguage\":\"tr\"}]}<\/script>\n<!-- \/ Yoast SEO plugin. -->","yoast_head_json":{"title":"VERG\u0130 HUKUKU H\u0130ZMETLER\u0130 - Vergi Y\u00f6netim","robots":{"index":"index","follow":"follow","max-snippet":"max-snippet:-1","max-image-preview":"max-image-preview:large","max-video-preview":"max-video-preview:-1"},"canonical":"https:\/\/vergiyonetim.com\/?page_id=54142","og_locale":"tr_TR","og_type":"article","og_title":"VERG\u0130 HUKUKU H\u0130ZMETLER\u0130 - Vergi Y\u00f6netim","og_description":"[vc_row][vc_column][vc_empty_space][\/vc_column][\/vc_row][vc_row][vc_column][\/vc_column][\/vc_row]","og_url":"https:\/\/vergiyonetim.com\/?page_id=54142","og_site_name":"Vergi Y\u00f6netim","article_modified_time":"2019-07-29T12:53:25+00:00","twitter_card":"summary_large_image","twitter_misc":{"Tahmini okuma s\u00fcresi":"1 dakika"},"schema":{"@context":"https:\/\/schema.org","@graph":[{"@type":"WebPage","@id":"https:\/\/vergiyonetim.com\/?page_id=54142","url":"https:\/\/vergiyonetim.com\/?page_id=54142","name":"VERG\u0130 HUKUKU H\u0130ZMETLER\u0130 - Vergi Y\u00f6netim","isPartOf":{"@id":"https:\/\/vergiyonetim.com\/#website"},"datePublished":"2019-07-29T12:52:06+00:00","dateModified":"2019-07-29T12:53:25+00:00","breadcrumb":{"@id":"https:\/\/vergiyonetim.com\/?page_id=54142#breadcrumb"},"inLanguage":"tr","potentialAction":[{"@type":"ReadAction","target":["https:\/\/vergiyonetim.com\/?page_id=54142"]}]},{"@type":"BreadcrumbList","@id":"https:\/\/vergiyonetim.com\/?page_id=54142#breadcrumb","itemListElement":[{"@type":"ListItem","position":1,"name":"Ana sayfa","item":"https:\/\/vergiyonetim.com\/?page_id=32085"},{"@type":"ListItem","position":2,"name":"VERG\u0130 HUKUKU H\u0130ZMETLER\u0130"}]},{"@type":"WebSite","@id":"https:\/\/vergiyonetim.com\/#website","url":"https:\/\/vergiyonetim.com\/","name":"Vergi Y\u00f6netim","description":"Vergi Y\u00f6netim","potentialAction":[{"@type":"SearchAction","target":{"@type":"EntryPoint","urlTemplate":"https:\/\/vergiyonetim.com\/?s={search_term_string}"},"query-input":"required name=search_term_string"}],"inLanguage":"tr"}]}},"campaignId":"","_links":{"self":[{"href":"https:\/\/vergiyonetim.com\/index.php?rest_route=\/wp\/v2\/pages\/54142","targetHints":{"allow":["GET"]}}],"collection":[{"href":"https:\/\/vergiyonetim.com\/index.php?rest_route=\/wp\/v2\/pages"}],"about":[{"href":"https:\/\/vergiyonetim.com\/index.php?rest_route=\/wp\/v2\/types\/page"}],"author":[{"embeddable":true,"href":"https:\/\/vergiyonetim.com\/index.php?rest_route=\/wp\/v2\/users\/1"}],"replies":[{"embeddable":true,"href":"https:\/\/vergiyonetim.com\/index.php?rest_route=%2Fwp%2Fv2%2Fcomments&post=54142"}],"version-history":[{"count":2,"href":"https:\/\/vergiyonetim.com\/index.php?rest_route=\/wp\/v2\/pages\/54142\/revisions"}],"predecessor-version":[{"id":54144,"href":"https:\/\/vergiyonetim.com\/index.php?rest_route=\/wp\/v2\/pages\/54142\/revisions\/54144"}],"wp:attachment":[{"href":"https:\/\/vergiyonetim.com\/index.php?rest_route=%2Fwp%2Fv2%2Fmedia&parent=54142"}],"curies":[{"name":"wp","href":"https:\/\/api.w.org\/{rel}","templated":true}]}}